{"id":20,"date":"2025-12-03T19:10:39","date_gmt":"2025-12-03T19:10:39","guid":{"rendered":"http:\/\/benjirenovation.fr\/?page_id=20"},"modified":"2025-12-04T17:56:01","modified_gmt":"2025-12-04T17:56:01","slug":"ben-ji-renov-lexcellence-pour-votre-interieur-travaux-de-renovation-amenagement-et-finition-interieur","status":"publish","type":"page","link":"http:\/\/benjirenovation.fr\/","title":{"rendered":"Ben &amp; Ji R\u00e9nov L&rsquo;excellence pour votre int\u00e9rieur. Travaux de r\u00e9novation , am\u00e9nagement et finition int\u00e9rieur"},"content":{"rendered":"\n<figure class=\"wp-block-gallery has-nested-images columns-default is-cropped wp-block-gallery-1 is-layout-flex wp-block-gallery-is-layout-flex\">\n<figure class=\"wp-block-image size-large\"><img loading=\"lazy\" decoding=\"async\" width=\"819\" height=\"1024\" data-id=\"22\" src=\"http:\/\/benjirenovation.fr\/wp-content\/uploads\/2025\/12\/1000007337-1-819x1024.jpg\" alt=\"\" class=\"wp-image-22\" srcset=\"http:\/\/benjirenovation.fr\/wp-content\/uploads\/2025\/12\/1000007337-1-819x1024.jpg 819w, http:\/\/benjirenovation.fr\/wp-content\/uploads\/2025\/12\/1000007337-1-240x300.jpg 240w, http:\/\/benjirenovation.fr\/wp-content\/uploads\/2025\/12\/1000007337-1-768x961.jpg 768w, http:\/\/benjirenovation.fr\/wp-content\/uploads\/2025\/12\/1000007337-1.jpg 1069w\" sizes=\"auto, (max-width: 819px) 100vw, 819px\" \/><\/figure>\n<\/figure>\n\n\n\n<div class=\"wp-block-group alignfull is-style-section-4\" style=\"min-height:100vh;margin-top:0;margin-bottom:0\"><div class=\"wp-block-group__inner-container is-layout-constrained wp-block-group-is-layout-constrained\">\n<div class=\"wp-block-columns alignfull is-layout-flex wp-container-core-columns-is-layout-9d6595d7 wp-block-columns-is-layout-flex\">\n<div class=\"wp-block-column is-vertically-aligned-center is-layout-flow wp-block-column-is-layout-flow\">\n<div class=\"wp-block-group\" style=\"padding-top:var(--wp--preset--spacing--50);padding-right:var(--wp--preset--spacing--50);padding-bottom:var(--wp--preset--spacing--50);padding-left:var(--wp--preset--spacing--50)\"><div class=\"wp-block-group__inner-container is-layout-flow wp-block-group-is-layout-flow\">\n<p>Ben &amp; Ji R\u00e9nov \u2013 La qualit\u00e9 et le savoir-faire pour transformer votre int\u00e9rieur<\/p>\n<\/div><\/div>\n\n\n\n\n\n\n\n<figure class=\"wp-block-gallery has-nested-images columns-default is-cropped wp-block-gallery-2 is-layout-flex wp-block-gallery-is-layout-flex\"><\/figure>\n\n\n\n<figure class=\"wp-block-gallery has-nested-images columns-default is-cropped wp-block-gallery-3 is-layout-flex wp-block-gallery-is-layout-flex\"><\/figure>\n\n\n\n<figure class=\"wp-block-gallery has-nested-images columns-default is-cropped wp-block-gallery-4 is-layout-flex wp-block-gallery-is-layout-flex\"><\/figure>\n<\/div>\n\n\n\n<div class=\"wp-block-column is-layout-flow wp-block-column-is-layout-flow\">\n<h2 class=\"wp-block-heading\">\u2b50 Le savoir-faire de Ben &amp; Ji R\u00e9nov .<\/h2>\n\n\n\n<p>Ben &amp; Ji R\u00e9nov met \u00e0 votre service un savoir-faire artisanal complet pour transformer, embellir et optimiser votre int\u00e9rieur. Avec une exp\u00e9rience solide et une ma\u00eetrise polyvalente des m\u00e9tiers du b\u00e2timent, nous intervenons sur tous vos projets de r\u00e9novation avec s\u00e9rieux, pr\u00e9cision et sens du d\u00e9tail.<\/p>\n<\/div>\n<\/div>\n<\/div><\/div>\n\n\n\n<figure class=\"wp-block-image\"><img loading=\"lazy\" decoding=\"async\" width=\"1920\" height=\"2560\" src=\"http:\/\/benjirenovation.fr\/wp-content\/uploads\/2025\/12\/41a48f0a-7ec0-473b-9052-493f5bd4d49e-1_all_153-scaled.jpg\" alt=\"\" class=\"wp-image-53\" srcset=\"http:\/\/benjirenovation.fr\/wp-content\/uploads\/2025\/12\/41a48f0a-7ec0-473b-9052-493f5bd4d49e-1_all_153-scaled.jpg 1920w, http:\/\/benjirenovation.fr\/wp-content\/uploads\/2025\/12\/41a48f0a-7ec0-473b-9052-493f5bd4d49e-1_all_153-225x300.jpg 225w, http:\/\/benjirenovation.fr\/wp-content\/uploads\/2025\/12\/41a48f0a-7ec0-473b-9052-493f5bd4d49e-1_all_153-768x1024.jpg 768w, http:\/\/benjirenovation.fr\/wp-content\/uploads\/2025\/12\/41a48f0a-7ec0-473b-9052-493f5bd4d49e-1_all_153-1152x1536.jpg 1152w, http:\/\/benjirenovation.fr\/wp-content\/uploads\/2025\/12\/41a48f0a-7ec0-473b-9052-493f5bd4d49e-1_all_153-1536x2048.jpg 1536w\" sizes=\"auto, (max-width: 1920px) 100vw, 1920px\" \/><\/figure>\n\n\n\n<figure class=\"wp-block-image size-large\"><img loading=\"lazy\" decoding=\"async\" width=\"768\" height=\"1024\" src=\"http:\/\/benjirenovation.fr\/wp-content\/uploads\/2025\/12\/IMG20240612142825-768x1024.jpg\" alt=\"\" class=\"wp-image-49\" srcset=\"http:\/\/benjirenovation.fr\/wp-content\/uploads\/2025\/12\/IMG20240612142825-768x1024.jpg 768w, http:\/\/benjirenovation.fr\/wp-content\/uploads\/2025\/12\/IMG20240612142825-225x300.jpg 225w, http:\/\/benjirenovation.fr\/wp-content\/uploads\/2025\/12\/IMG20240612142825-1152x1536.jpg 1152w, http:\/\/benjirenovation.fr\/wp-content\/uploads\/2025\/12\/IMG20240612142825-1536x2048.jpg 1536w, http:\/\/benjirenovation.fr\/wp-content\/uploads\/2025\/12\/IMG20240612142825-scaled.jpg 1920w\" sizes=\"auto, (max-width: 768px) 100vw, 768px\" \/><figcaption class=\"wp-element-caption\">oplus_32<\/figcaption><\/figure>\n\n\n\n<figure class=\"wp-block-image size-large\"><img loading=\"lazy\" decoding=\"async\" width=\"768\" height=\"1024\" src=\"http:\/\/benjirenovation.fr\/wp-content\/uploads\/2025\/12\/20250901_135125-768x1024.jpg\" alt=\"\" class=\"wp-image-67\" srcset=\"http:\/\/benjirenovation.fr\/wp-content\/uploads\/2025\/12\/20250901_135125-768x1024.jpg 768w, http:\/\/benjirenovation.fr\/wp-content\/uploads\/2025\/12\/20250901_135125-225x300.jpg 225w, http:\/\/benjirenovation.fr\/wp-content\/uploads\/2025\/12\/20250901_135125-1152x1536.jpg 1152w, http:\/\/benjirenovation.fr\/wp-content\/uploads\/2025\/12\/20250901_135125-1536x2048.jpg 1536w, http:\/\/benjirenovation.fr\/wp-content\/uploads\/2025\/12\/20250901_135125-scaled.jpg 1920w\" sizes=\"auto, (max-width: 768px) 100vw, 768px\" \/><\/figure>\n\n\n\n<figure class=\"wp-block-image size-large\"><img loading=\"lazy\" decoding=\"async\" width=\"768\" height=\"1024\" src=\"http:\/\/benjirenovation.fr\/wp-content\/uploads\/2025\/12\/20250517_132310-768x1024.jpg\" alt=\"\" class=\"wp-image-68\" srcset=\"http:\/\/benjirenovation.fr\/wp-content\/uploads\/2025\/12\/20250517_132310-768x1024.jpg 768w, http:\/\/benjirenovation.fr\/wp-content\/uploads\/2025\/12\/20250517_132310-225x300.jpg 225w, http:\/\/benjirenovation.fr\/wp-content\/uploads\/2025\/12\/20250517_132310-1152x1536.jpg 1152w, http:\/\/benjirenovation.fr\/wp-content\/uploads\/2025\/12\/20250517_132310-1536x2048.jpg 1536w, http:\/\/benjirenovation.fr\/wp-content\/uploads\/2025\/12\/20250517_132310-scaled.jpg 1920w\" sizes=\"auto, (max-width: 768px) 100vw, 768px\" \/><\/figure>\n\n\n\n<figure class=\"wp-block-image is-style-rounded\"><img loading=\"lazy\" decoding=\"async\" width=\"1920\" height=\"2560\" src=\"http:\/\/benjirenovation.fr\/wp-content\/uploads\/2025\/12\/41a48f0a-7ec0-473b-9052-493f5bd4d49e-1_all_121-scaled.jpg\" alt=\"\" class=\"wp-image-54\" srcset=\"http:\/\/benjirenovation.fr\/wp-content\/uploads\/2025\/12\/41a48f0a-7ec0-473b-9052-493f5bd4d49e-1_all_121-scaled.jpg 1920w, http:\/\/benjirenovation.fr\/wp-content\/uploads\/2025\/12\/41a48f0a-7ec0-473b-9052-493f5bd4d49e-1_all_121-225x300.jpg 225w, http:\/\/benjirenovation.fr\/wp-content\/uploads\/2025\/12\/41a48f0a-7ec0-473b-9052-493f5bd4d49e-1_all_121-768x1024.jpg 768w, http:\/\/benjirenovation.fr\/wp-content\/uploads\/2025\/12\/41a48f0a-7ec0-473b-9052-493f5bd4d49e-1_all_121-1152x1536.jpg 1152w, http:\/\/benjirenovation.fr\/wp-content\/uploads\/2025\/12\/41a48f0a-7ec0-473b-9052-493f5bd4d49e-1_all_121-1536x2048.jpg 1536w\" sizes=\"auto, (max-width: 1920px) 100vw, 1920px\" \/><\/figure>\n","protected":false},"excerpt":{"rendered":"<p>Ben &amp; Ji R\u00e9nov \u2013 La qualit\u00e9 et le savoir-faire pour transformer votre int\u00e9rieur \u2b50 Le savoir-faire de Ben &amp; Ji R\u00e9nov . Ben &amp; Ji R\u00e9nov met \u00e0 votre service un savoir-faire artisanal complet pour transformer, embellir et optimiser votre int\u00e9rieur. Avec une exp\u00e9rience solide et une ma\u00eetrise polyvalente des m\u00e9tiers du b\u00e2timent, nous [&hellip;]<\/p>\n","protected":false},"author":1,"featured_media":51,"parent":0,"menu_order":0,"comment_status":"closed","ping_status":"closed","template":"","meta":{"footnotes":""},"class_list":["post-20","page","type-page","status-publish","has-post-thumbnail","hentry"],"_links":{"self":[{"href":"http:\/\/benjirenovation.fr\/index.php?rest_route=\/wp\/v2\/pages\/20","targetHints":{"allow":["GET"]}}],"collection":[{"href":"http:\/\/benjirenovation.fr\/index.php?rest_route=\/wp\/v2\/pages"}],"about":[{"href":"http:\/\/benjirenovation.fr\/index.php?rest_route=\/wp\/v2\/types\/page"}],"author":[{"embeddable":true,"href":"http:\/\/benjirenovation.fr\/index.php?rest_route=\/wp\/v2\/users\/1"}],"replies":[{"embeddable":true,"href":"http:\/\/benjirenovation.fr\/index.php?rest_route=%2Fwp%2Fv2%2Fcomments&post=20"}],"version-history":[{"count":9,"href":"http:\/\/benjirenovation.fr\/index.php?rest_route=\/wp\/v2\/pages\/20\/revisions"}],"predecessor-version":[{"id":74,"href":"http:\/\/benjirenovation.fr\/index.php?rest_route=\/wp\/v2\/pages\/20\/revisions\/74"}],"wp:featuredmedia":[{"embeddable":true,"href":"http:\/\/benjirenovation.fr\/index.php?rest_route=\/wp\/v2\/media\/51"}],"wp:attachment":[{"href":"http:\/\/benjirenovation.fr\/index.php?rest_route=%2Fwp%2Fv2%2Fmedia&parent=20"}],"curies":[{"name":"wp","href":"https:\/\/api.w.org\/{rel}","templated":true}]}}